{"id":2,"date":"2019-08-16T18:36:59","date_gmt":"2019-08-16T17:36:59","guid":{"rendered":"https:\/\/magdafrost.ie\/?page_id=2"},"modified":"2019-08-16T18:36:59","modified_gmt":"2019-08-16T17:36:59","slug":"sample-page","status":"publish","type":"page","link":"https:\/\/magdafrost.ie\/pl\/sample-page\/","title":{"rendered":"Sample Page"},"content":{"rendered":"<p>To jest przyk\u0142adowa strona. R\u00f3\u017cni si\u0119 od posta na blogu, poniewa\u017c pozostanie w jednym miejscu i pojawi si\u0119 w nawigacji witryny (w wi\u0119kszo\u015bci motyw\u00f3w). Wi\u0119kszo\u015b\u0107 os\u00f3b zaczyna od strony Informacje, kt\u00f3ra przedstawia ich potencjalnym u\u017cytkownikom witryny. Mo\u017ce powiedzie\u0107 co\u015b takiego:<\/p>\n\n\n\n<blockquote class=\"wp-block-quote is-layout-flow wp-block-quote-is-layout-flow\"><p>Cze\u015b\u0107! Jestem komunikatorem rowerowym za dnia, aspiruj\u0105cym aktorem w nocy, a to jest moja strona internetowa. Mieszkam w Los Angeles, mam wspania\u0142ego psa o imieniu Jack i lubi\u0119 pi\u00f1a coladas. (I wpada w deszcz.)<\/p><\/blockquote>\n\n\n\n<p>\u2026lub co\u015b w tym stylu:<\/p>\n\n\n\n<blockquote class=\"wp-block-quote is-layout-flow wp-block-quote-is-layout-flow\"><p>Firma XYZ Doohickey zosta\u0142a za\u0142o\u017cona w 1971 roku i od tego czasu dostarcza wysokiej jako\u015bci doohickey. Firma XYZ z siedzib\u0105 w Gotham City zatrudnia ponad 2000 os\u00f3b i robi r\u00f3\u017cne niesamowite rzeczy dla spo\u0142eczno\u015bci Gotham.<\/p><\/blockquote>\n\n\n\n<p>Jako nowy u\u017cytkownik WordPress powiniene\u015b przej\u015b\u0107 do <a href=\"https:\/\/magdafrost.ie\/wp-admin\/\">tw\u00f3j pulpit nawigacyjny<\/a> aby usun\u0105\u0107 t\u0119 stron\u0119 i utworzy\u0107 nowe strony dla swoich tre\u015bci. Baw si\u0119 dobrze!<\/p>","protected":false},"excerpt":{"rendered":"<p>This is an example page. It&#8217;s different from a blog post because it will stay in one place and will show up in your site navigation<span class=\"excerpt-hellip\"> [\u2026]<\/span><\/p>","protected":false},"author":1,"featured_media":0,"parent":0,"menu_order":0,"comment_status":"closed","ping_status":"open","template":"","meta":{"footnotes":""},"class_list":["post-2","page","type-page","status-publish","hentry"],"_links":{"self":[{"href":"https:\/\/magdafrost.ie\/pl\/wp-json\/wp\/v2\/pages\/2","targetHints":{"allow":["GET"]}}],"collection":[{"href":"https:\/\/magdafrost.ie\/pl\/wp-json\/wp\/v2\/pages"}],"about":[{"href":"https:\/\/magdafrost.ie\/pl\/wp-json\/wp\/v2\/types\/page"}],"author":[{"embeddable":true,"href":"https:\/\/magdafrost.ie\/pl\/wp-json\/wp\/v2\/users\/1"}],"replies":[{"embeddable":true,"href":"https:\/\/magdafrost.ie\/pl\/wp-json\/wp\/v2\/comments?post=2"}],"version-history":[{"count":0,"href":"https:\/\/magdafrost.ie\/pl\/wp-json\/wp\/v2\/pages\/2\/revisions"}],"wp:attachment":[{"href":"https:\/\/magdafrost.ie\/pl\/wp-json\/wp\/v2\/media?parent=2"}],"curies":[{"name":"wp","href":"https:\/\/api.w.org\/{rel}","templated":true}]}}