{"id":473,"date":"2020-02-09T23:03:38","date_gmt":"2020-02-09T23:03:38","guid":{"rendered":"https:\/\/magdafrost.ie\/?page_id=473"},"modified":"2020-02-09T23:04:20","modified_gmt":"2020-02-09T23:04:20","slug":"privacy-policy-2","status":"publish","type":"page","link":"https:\/\/magdafrost.ie\/pl\/privacy-policy-2\/","title":{"rendered":"Polityka prywatno\u015bci"},"content":{"rendered":"<h1 class=\"wp-block-heading\">Polityka prywatno\u015bci<\/h1>\n\n\n\n<h1 class=\"wp-block-heading\">Magda Frost Lashes<\/h1>\n\n\n\n<p>W Magda Frost Lashes, dost\u0119pnym na stronie https:\/\/magdafrost.ie, jednym z naszych g\u0142\u00f3wnych priorytet\u00f3w jest prywatno\u015b\u0107 naszych go\u015bci. Niniejszy dokument Polityki prywatno\u015bci zawiera rodzaje informacji, kt\u00f3re s\u0105 gromadzone i rejestrowane przez Magda Frost Lashes oraz spos\u00f3b ich wykorzystania.<\/p>\n\n\n\n<p>Je\u015bli masz dodatkowe pytania lub potrzebujesz wi\u0119cej informacji na temat naszej Polityki prywatno\u015bci, nie wahaj si\u0119 z nami skontaktowa\u0107.<\/p>\n\n\n\n<p>Niniejsza Polityka prywatno\u015bci dotyczy wy\u0142\u0105cznie naszych dzia\u0142a\u0144 online i jest wa\u017cna dla odwiedzaj\u0105cych nasz\u0105 stron\u0119 internetow\u0105 w odniesieniu do informacji, kt\u00f3re udost\u0119pniali i \/ lub zbierali w Magda Frost Lashes. Niniejsza polityka nie ma zastosowania do \u017cadnych informacji zebranych offline lub za po\u015brednictwem kana\u0142\u00f3w innych ni\u017c ta strona internetowa.<\/p>\n\n\n\n<h2 class=\"wp-block-heading\">Zgoda<\/h2>\n\n\n\n<p>Korzystaj\u0105c z naszej witryny, u\u017cytkownik wyra\u017ca zgod\u0119 na nasz\u0105 Polityk\u0119 prywatno\u015bci i zgadza si\u0119 z jej warunkami.<\/p>\n\n\n\n<h2 class=\"wp-block-heading\">Informacje, kt\u00f3re zbieramy<\/h2>\n\n\n\n<p>Dane osobowe, o kt\u00f3re proszony jest u\u017cytkownik, oraz powody, dla kt\u00f3rych s\u0105 one wymagane, zostan\u0105 wyja\u015bnione w momencie, w kt\u00f3rym prosimy o podanie danych osobowych.<\/p>\n\n\n\n<p>Je\u015bli skontaktujesz si\u0119 z nami bezpo\u015brednio, mo\u017cemy otrzyma\u0107 dodatkowe informacje o tobie, takie jak imi\u0119 i nazwisko, adres e-mail, numer telefonu, tre\u015b\u0107 wiadomo\u015bci i \/ lub za\u0142\u0105czniki, kt\u00f3re mo\u017cesz nam wys\u0142a\u0107, oraz wszelkie inne informacje, kt\u00f3re mo\u017cesz poda\u0107.<\/p>\n\n\n\n<p>Podczas rejestracji konta mo\u017cemy poprosi\u0107 o podanie danych kontaktowych, w tym takich danych, jak imi\u0119 i nazwisko, nazwa firmy, adres, adres e-mail i numer telefonu.<\/p>\n\n\n\n<h2 class=\"wp-block-heading\">Jak wykorzystujemy twoje informacje<\/h2>\n\n\n\n<p>U\u017cywamy gromadzonych informacji na r\u00f3\u017cne sposoby, w tym do:<\/p>\n\n\n\n<ul class=\"wp-block-list\"><li>Zapewniaj, obs\u0142uguj i utrzymuj nasz\u0105 stron\u0119 internetow\u0105<\/li><li>Ulepsz, personalizuj i rozszerz nasz\u0105 stron\u0119 internetow\u0105<\/li><li>Zrozum i przeanalizuj, w jaki spos\u00f3b korzystasz z naszej strony<\/li><li>Opracuj nowe produkty, us\u0142ugi, funkcje i funkcje<\/li><li>Komunikuj si\u0119 z tob\u0105, bezpo\u015brednio lub za po\u015brednictwem jednego z naszych partner\u00f3w, w tym w celu obs\u0142ugi klienta, aby zapewni\u0107 ci aktualizacje i inne informacje dotycz\u0105ce strony internetowej oraz w celach marketingowych i promocyjnych<\/li><li>Wysy\u0142am ci e-maile<\/li><li>Znajd\u017a i zapobiegaj oszustwom<\/li><\/ul>\n\n\n\n<h2 class=\"wp-block-heading\">Pliki dziennika<\/h2>\n\n\n\n<p>Magda Frost Lashes post\u0119puje zgodnie ze standardow\u0105 procedur\u0105 korzystania z plik\u00f3w dziennika. Te pliki rejestruj\u0105 osoby odwiedzaj\u0105ce strony internetowe. Wszystkie firmy hostingowe robi\u0105 to i stanowi\u0105 cz\u0119\u015b\u0107 analizy us\u0142ug hostingowych. Informacje gromadzone przez pliki dziennika obejmuj\u0105 adresy protoko\u0142u internetowego (IP), typ przegl\u0105darki, dostawc\u0119 us\u0142ug internetowych (ISP), znacznik daty i godziny, strony odsy\u0142aj\u0105ce \/ wyj\u015bciowe i ewentualnie liczb\u0119 klikni\u0119\u0107. Nie s\u0105 one powi\u0105zane z \u017cadnymi informacjami umo\u017cliwiaj\u0105cymi identyfikacj\u0119 osoby. Informacje te s\u0142u\u017c\u0105 do analizy trend\u00f3w, administrowania witryn\u0105, \u015bledzenia ruchu u\u017cytkownik\u00f3w w witrynie i gromadzenia informacji demograficznych. Nasza polityka prywatno\u015bci zosta\u0142a utworzona przy pomocy <a href=\"https:\/\/www.privacypolicygenerator.info\">Generator polityki prywatno\u015bci<\/a> i <a href=\"https:\/\/www.privacypolicytemplate.net\/\">Szablon polityki prywatno\u015bci<\/a>.<\/p>\n\n\n\n<h2 class=\"wp-block-heading\">Pliki cookie i sygna\u0142y nawigacyjne w sieci Web<\/h2>\n\n\n\n<p>Jak ka\u017cda inna strona internetowa, Magda Frost Lashes u\u017cywa \u201eciasteczek\u201d. Te pliki cookie s\u0142u\u017c\u0105 do przechowywania informacji, w tym preferencji odwiedzaj\u0105cych, oraz stron w witrynie, do kt\u00f3rych odwiedzaj\u0105cy odwiedzi\u0142 lub odwiedzi\u0142. Informacje te s\u0105 wykorzystywane do optymalizacji do\u015bwiadczenia u\u017cytkownik\u00f3w poprzez dostosowanie zawarto\u015bci naszej strony internetowej w oparciu o typ przegl\u0105darki u\u017cytkownika i \/ lub inne informacje.<\/p>\n\n\n\n<h2 class=\"wp-block-heading\">Polityka prywatno\u015bci partner\u00f3w reklamowych<\/h2>\n\n\n\n<p>Mo\u017cesz zapozna\u0107 si\u0119 z t\u0105 list\u0105, aby znale\u017a\u0107 Polityk\u0119 prywatno\u015bci dla ka\u017cdego partnera reklamowego Magda Frost Lashes.<\/p>\n\n\n\n<p>Serwery reklamowe lub sieci reklamowe firm zewn\u0119trznych wykorzystuj\u0105 technologie takie jak pliki cookie, JavaScript lub sygnalizatory sieci Web, kt\u00f3re s\u0105 wykorzystywane w odpowiednich reklamach i linkach pojawiaj\u0105cych si\u0119 w rz\u0119dzie Magda Frost Lashes, kt\u00f3re s\u0105 wysy\u0142ane bezpo\u015brednio do przegl\u0105darki u\u017cytkownika. Gdy tak si\u0119 stanie, automatycznie otrzymaj\u0105 Tw\u00f3j adres IP. Technologie te s\u0105 u\u017cywane do pomiaru skuteczno\u015bci ich kampanii reklamowych i \/ lub do personalizacji tre\u015bci reklamowych, kt\u00f3re widzisz na odwiedzanych witrynach.<\/p>\n\n\n\n<p>Pami\u0119taj, \u017ce Magda Frost Lashes nie ma dost\u0119pu ani kontroli nad tymi plikami cookie, kt\u00f3re s\u0105 u\u017cywane przez zewn\u0119trznych reklamodawc\u00f3w.<\/p>\n\n\n\n<h2 class=\"wp-block-heading\">Polityka prywatno\u015bci stron trzecich<\/h2>\n\n\n\n<p>Polityka prywatno\u015bci Magda Frost Lashes nie dotyczy innych reklamodawc\u00f3w ani stron internetowych. Dlatego zalecamy zapoznanie si\u0119 z odpowiednimi politykami prywatno\u015bci tych zewn\u0119trznych serwer\u00f3w reklamowych w celu uzyskania bardziej szczeg\u00f3\u0142owych informacji. Mo\u017ce to obejmowa\u0107 ich praktyki i instrukcje dotycz\u0105ce rezygnacji z niekt\u00f3rych opcji. Pe\u0142n\u0105 list\u0119 niniejszych Zasad ochrony prywatno\u015bci oraz ich linki mo\u017cna znale\u017a\u0107 tutaj: \u0141\u0105cza do zasad ochrony prywatno\u015bci.<\/p>\n\n\n\n<p>Mo\u017cesz wy\u0142\u0105czy\u0107 pliki cookie za pomoc\u0105 indywidualnych opcji przegl\u0105darki. Aby pozna\u0107 bardziej szczeg\u00f3\u0142owe informacje na temat zarz\u0105dzania plikami cookie w okre\u015blonych przegl\u0105darkach internetowych, mo\u017cna je znale\u017a\u0107 na odpowiednich stronach internetowych przegl\u0105darek. Co to s\u0105 pliki cookie?<\/p>\n\n\n\n<h2 class=\"wp-block-heading\">Prawa CCPA do prywatno\u015bci (nie sprzedawaj moich danych osobowych)<\/h2>\n\n\n\n<p>Zgodnie z CCPA, mi\u0119dzy innymi, konsumenci w Kalifornii maj\u0105 prawo do:<\/p>\n\n\n\n<p>Popro\u015b, aby firma, kt\u00f3ra gromadzi dane osobowe konsumenta, ujawni\u0142a kategorie i okre\u015blone dane osobowe, kt\u00f3re firma zebra\u0142a na temat konsument\u00f3w.<\/p>\n\n\n\n<p>Popro\u015b, aby firma usun\u0119\u0142a wszelkie dane osobowe dotycz\u0105ce konsumenta, kt\u00f3re firma zebra\u0142a.<\/p>\n\n\n\n<p>\u017b\u0105daj od firmy, kt\u00f3ra sprzedaje dane osobowe konsumenta, a nie sprzeda\u017cy danych osobowych konsumenta.<\/p>\n\n\n\n<p>Je\u015bli z\u0142o\u017cysz pro\u015bb\u0119, mamy jeden miesi\u0105c na udzielenie odpowiedzi. Je\u015bli chcesz skorzysta\u0107 z kt\u00f3regokolwiek z tych praw, skontaktuj si\u0119 z nami.<\/p>\n\n\n\n<h2 class=\"wp-block-heading\">Prawa do ochrony danych RODO<\/h2>\n\n\n\n<p>Chcemy upewni\u0107 si\u0119, \u017ce jeste\u015b w pe\u0142ni \u015bwiadomy wszystkich swoich praw do ochrony danych. Ka\u017cdy u\u017cytkownik ma prawo do:<\/p>\n\n\n\n<p>Prawo dost\u0119pu - masz prawo za\u017c\u0105da\u0107 kopii swoich danych osobowych. Mo\u017cemy naliczy\u0107 niewielk\u0105 op\u0142at\u0119 za t\u0119 us\u0142ug\u0119.<\/p>\n\n\n\n<p>Prawo do sprostowania - masz prawo za\u017c\u0105da\u0107 od nas poprawienia wszelkich informacji, kt\u00f3re uwa\u017casz za niedok\u0142adne. Masz r\u00f3wnie\u017c prawo do \u017c\u0105dania uzupe\u0142nienia informacji, kt\u00f3re uwa\u017casz za niekompletne.<\/p>\n\n\n\n<p>Prawo do usuni\u0119cia - masz prawo do \u017c\u0105dania usuni\u0119cia twoich danych osobowych, pod pewnymi warunkami.<\/p>\n\n\n\n<p>Prawo do ograniczenia przetwarzania - masz prawo \u017c\u0105da\u0107 ograniczenia przetwarzania twoich danych osobowych, pod pewnymi warunkami.<\/p>\n\n\n\n<p>Prawo do sprzeciwu wobec przetwarzania - masz prawo sprzeciwi\u0107 si\u0119 przetwarzaniu przez nas Twoich danych osobowych, pod pewnymi warunkami.<\/p>\n\n\n\n<p>Prawo do przenoszenia danych - masz prawo za\u017c\u0105da\u0107, aby\u015bmy przekazali zgromadzone dane do innej organizacji lub bezpo\u015brednio do Ciebie, pod pewnymi warunkami.<\/p>\n\n\n\n<p>Je\u015bli z\u0142o\u017cysz pro\u015bb\u0119, mamy jeden miesi\u0105c na udzielenie odpowiedzi. Je\u015bli chcesz skorzysta\u0107 z kt\u00f3regokolwiek z tych praw, skontaktuj si\u0119 z nami.<\/p>\n\n\n\n<h2 class=\"wp-block-heading\">Informacje dla dzieci<\/h2>\n\n\n\n<p>Kolejn\u0105 cz\u0119\u015bci\u0105 naszego priorytetu jest ochrona dzieci podczas korzystania z Internetu. Zach\u0119camy rodzic\u00f3w i opiekun\u00f3w do obserwowania, uczestniczenia i \/ lub monitorowania i prowadzenia ich dzia\u0142alno\u015bci online.<\/p>\n\n\n\n<p>Magda Frost Lashes nie zbiera \u015bwiadomie \u017cadnych danych osobowych od dzieci poni\u017cej 13 roku \u017cycia. Je\u015bli uwa\u017casz, \u017ce Twoje dziecko dostarczy\u0142o tego rodzaju informacje na naszej stronie internetowej, gor\u0105co zach\u0119camy do niezw\u0142ocznego skontaktowania si\u0119 z nami i do\u0142o\u017cymy wszelkich stara\u0144, aby niezw\u0142ocznie usu\u0144 takie informacje z naszej dokumentacji.<\/p>","protected":false},"excerpt":{"rendered":"<p>Privacy Policy Magda Frost Lashes At Magda Frost Lashes, accessible from https:\/\/magdafrost.ie, one of our main priorities is the privacy of our visitors. This Privacy Policy<span class=\"excerpt-hellip\"> [\u2026]<\/span><\/p>","protected":false},"author":1,"featured_media":0,"parent":0,"menu_order":0,"comment_status":"closed","ping_status":"closed","template":"","meta":{"footnotes":""},"class_list":["post-473","page","type-page","status-publish","hentry"],"_links":{"self":[{"href":"https:\/\/magdafrost.ie\/pl\/wp-json\/wp\/v2\/pages\/473","targetHints":{"allow":["GET"]}}],"collection":[{"href":"https:\/\/magdafrost.ie\/pl\/wp-json\/wp\/v2\/pages"}],"about":[{"href":"https:\/\/magdafrost.ie\/pl\/wp-json\/wp\/v2\/types\/page"}],"author":[{"embeddable":true,"href":"https:\/\/magdafrost.ie\/pl\/wp-json\/wp\/v2\/users\/1"}],"replies":[{"embeddable":true,"href":"https:\/\/magdafrost.ie\/pl\/wp-json\/wp\/v2\/comments?post=473"}],"version-history":[{"count":2,"href":"https:\/\/magdafrost.ie\/pl\/wp-json\/wp\/v2\/pages\/473\/revisions"}],"predecessor-version":[{"id":475,"href":"https:\/\/magdafrost.ie\/pl\/wp-json\/wp\/v2\/pages\/473\/revisions\/475"}],"wp:attachment":[{"href":"https:\/\/magdafrost.ie\/pl\/wp-json\/wp\/v2\/media?parent=473"}],"curies":[{"name":"wp","href":"https:\/\/api.w.org\/{rel}","templated":true}]}}