{"id":685,"date":"2020-11-30T21:38:16","date_gmt":"2020-11-30T21:38:16","guid":{"rendered":"https:\/\/magdafrost.ie\/?page_id=685"},"modified":"2020-11-30T21:59:20","modified_gmt":"2020-11-30T21:59:20","slug":"lash-lift-vitamin-botox-training","status":"publish","type":"page","link":"https:\/\/magdafrost.ie\/pl\/training\/lash-lift-vitamin-botox-training\/","title":{"rendered":"Lifting rz\u0119s + trening witaminowo-botoksowy"},"content":{"rendered":"<h2 class=\"has-text-align-center wp-block-heading\">Lifting rz\u0119s + trening witaminowo-botoksowy <\/h2>\n\n\n\n<p>Szkolenie Lash Lift + Vitamin Botox jest przeznaczone dla student\u00f3w, kt\u00f3rzy nie maj\u0105 wcze\u015bniejszego do\u015bwiadczenia w bran\u017cy kosmetycznej oraz dla student\u00f3w, kt\u00f3rzy chcieliby rozpocz\u0105\u0107 swoj\u0105 przygod\u0119 jako profesjonalny Lash Artist. Jako studentka Magda Frost Academy musisz zna\u0107 wszystkie terminy i techniki zwi\u0105zane z zabiegiem Lash Lift. Dowiedz si\u0119 na ka\u017cdym kroku, aby stworzy\u0107 idealne rz\u0119sy dopasowane do twarzy Twoich klientek. Nabyta wiedza w cz\u0119\u015bci teoretycznej oraz wiedza, kt\u00f3r\u0105 zdob\u0119dziesz w cz\u0119\u015bci praktycznej sprawi\u0105, \u017ce nab\u0119dziesz pewno\u015bci siebie jako Lash Artist. Po dniu szkolenia otrzymujesz akredytowany certyfikat Lash Inc.<\/p>\n\n\n\n<p>Lokalizacja: 1. Pi\u0119tro The Feelgood Centre, Exchange House Ballincollig Co. Cork, Irlandia<\/p>\n\n\n\n<p>Czas:<br>Jeden dzie\u0144, 10:00 - 17:00<\/p>\n\n\n\n<p>Pe\u0142na cena<strong> \u20ac500.00<\/strong><br>Nie wymagamy kaucji zwrotnej <strong>\u20ac100.<\/strong><\/p>\n\n\n\n<p>Obejmuje:<br>\u2606 Pe\u0142ny zestaw profesjonalny (warto\u015b\u0107 200,00),<br>\u2606 Podr\u0119cznik szkoleniowy<br>\u2606 Sta\u0142e wsparcie<br>\u2606 Certyfikat akredytowany przez Lash Inc.<br>\u2606 Rabat 10% na produkty Magda Frost<br>\u2606 Ma\u0142e grupy, maksymalnie 2 uczni\u00f3w<\/p>\n\n\n\n<p>Mo\u017cemy r\u00f3wnie\u017c zaoferowa\u0107 indywidualny wirtualny mentoring Zoom z Magd\u0105, kt\u00f3ry kosztuje 75,00 \u20ac&nbsp; <\/p>\n\n\n\n<p><\/p>","protected":false},"excerpt":{"rendered":"<p>Lash Lift + Vitamin Botox Training Lash Lift + Vitamin Botox Training is for students that have no previous experience in the beauty industry and for<span class=\"excerpt-hellip\"> [\u2026]<\/span><\/p>","protected":false},"author":1,"featured_media":0,"parent":9,"menu_order":0,"comment_status":"closed","ping_status":"closed","template":"","meta":{"footnotes":""},"class_list":["post-685","page","type-page","status-publish","hentry"],"_links":{"self":[{"href":"https:\/\/magdafrost.ie\/pl\/wp-json\/wp\/v2\/pages\/685","targetHints":{"allow":["GET"]}}],"collection":[{"href":"https:\/\/magdafrost.ie\/pl\/wp-json\/wp\/v2\/pages"}],"about":[{"href":"https:\/\/magdafrost.ie\/pl\/wp-json\/wp\/v2\/types\/page"}],"author":[{"embeddable":true,"href":"https:\/\/magdafrost.ie\/pl\/wp-json\/wp\/v2\/users\/1"}],"replies":[{"embeddable":true,"href":"https:\/\/magdafrost.ie\/pl\/wp-json\/wp\/v2\/comments?post=685"}],"version-history":[{"count":3,"href":"https:\/\/magdafrost.ie\/pl\/wp-json\/wp\/v2\/pages\/685\/revisions"}],"predecessor-version":[{"id":691,"href":"https:\/\/magdafrost.ie\/pl\/wp-json\/wp\/v2\/pages\/685\/revisions\/691"}],"up":[{"embeddable":true,"href":"https:\/\/magdafrost.ie\/pl\/wp-json\/wp\/v2\/pages\/9"}],"wp:attachment":[{"href":"https:\/\/magdafrost.ie\/pl\/wp-json\/wp\/v2\/media?parent=685"}],"curies":[{"name":"wp","href":"https:\/\/api.w.org\/{rel}","templated":true}]}}