{"id":692,"date":"2020-11-30T22:27:00","date_gmt":"2020-11-30T22:27:00","guid":{"rendered":"https:\/\/magdafrost.ie\/?page_id=692"},"modified":"2020-11-30T22:56:00","modified_gmt":"2020-11-30T22:56:00","slug":"imperium-henna-brows","status":"publish","type":"page","link":"https:\/\/magdafrost.ie\/pl\/training\/imperium-henna-brows\/","title":{"rendered":"Brwi Imperium Henna"},"content":{"rendered":"<h2 class=\"wp-block-heading\"> Brwi Imperium Henna<\/h2>\n\n\n\n<p>\u201eStw\u00f3rz w\u0142asn\u0105 histori\u0119 sukcesu z henn\u0105 Imperium i stw\u00f3rz najpi\u0119kniejsze brwi! Budujemy<br>imperium razem, aby da\u0107 \u015bwiatu najwspanialsze, idealne brwi! \u201d<br>W tym szkoleniu znajdziesz wszystkie informacje o tym, jak zosta\u0107 najlepszym artyst\u0105 do brwi Imperium Henna!<\/p>\n\n\n\n<p>Szkolenie Imerium Henna Brwi jest przeznaczone dla student\u00f3w, kt\u00f3rzy nie maj\u0105 wcze\u015bniejszego do\u015bwiadczenia w bran\u017cy kosmetycznej oraz dla student\u00f3w, kt\u00f3rzy chcieliby rozpocz\u0105\u0107 swoj\u0105 przygod\u0119 jako profesjonalny artysta brwi. Jako artysta henny Imperium musisz zna\u0107 wszystkie terminy i techniki dotycz\u0105ce linii marki IMP. Naucz si\u0119 na ka\u017cdym kroku, aby stworzy\u0107 idealne brwi dopasowane do twarzy Twoich klientek. Nasza do\u015bwiadczona trenerka Magda pomo\u017ce Ci teraz iw przysz\u0142o\u015bci sta\u0107 si\u0119 prawdziw\u0105 Brow Queen!<\/p>\n\n\n\n<p>Nabyta wiedza w cz\u0119\u015bci teoretycznej oraz wiedza, kt\u00f3r\u0105 zdob\u0119dziesz w cz\u0119\u015bci praktycznej sprawi\u0105, \u017ce nab\u0119dziesz pewno\u015bci siebie jako Brow Artist. Po dniu szkolenia otrzymujesz akredytowany certyfikat Lash Inc.<\/p>\n\n\n\n<p>Lokalizacja: 1. Pi\u0119tro The Feelgood Center, Exhance House Ballincollig Co.Cork<\/p>\n\n\n\n<p>Czas:<br>Jeden dzie\u0144, 10:00 - 18:00<\/p>\n\n\n\n<p>Pe\u0142na cena 500,00 \u20ac<br>Nie wymagamy kaucji zwrotnej 100 \u20ac.<\/p>\n\n\n\n<p>Obejmuje:<br>\u2606 Pe\u0142ny profesjonalny zestaw do brwi Imperium Henna (warto\u015b\u0107 200,00),<br>\u2606 Podr\u0119cznik szkoleniowy<br>\u2606 Sta\u0142e wsparcie<br>\u2606 Certyfikat akredytowany przez Lash Inc.<br>\u2606 Rabat 10% na produkty Magda Frost<br>\u2606 Ma\u0142e grupy, maksymalnie 2 uczni\u00f3w <\/p>","protected":false},"excerpt":{"rendered":"<p>Imperium Henna Brows \u201cCreate your own success story with Imperium henna and create the most beautiful brows! We are buildingan empire together to give the world<span class=\"excerpt-hellip\"> [\u2026]<\/span><\/p>","protected":false},"author":1,"featured_media":0,"parent":9,"menu_order":0,"comment_status":"closed","ping_status":"closed","template":"","meta":{"footnotes":""},"class_list":["post-692","page","type-page","status-publish","hentry"],"_links":{"self":[{"href":"https:\/\/magdafrost.ie\/pl\/wp-json\/wp\/v2\/pages\/692","targetHints":{"allow":["GET"]}}],"collection":[{"href":"https:\/\/magdafrost.ie\/pl\/wp-json\/wp\/v2\/pages"}],"about":[{"href":"https:\/\/magdafrost.ie\/pl\/wp-json\/wp\/v2\/types\/page"}],"author":[{"embeddable":true,"href":"https:\/\/magdafrost.ie\/pl\/wp-json\/wp\/v2\/users\/1"}],"replies":[{"embeddable":true,"href":"https:\/\/magdafrost.ie\/pl\/wp-json\/wp\/v2\/comments?post=692"}],"version-history":[{"count":2,"href":"https:\/\/magdafrost.ie\/pl\/wp-json\/wp\/v2\/pages\/692\/revisions"}],"predecessor-version":[{"id":694,"href":"https:\/\/magdafrost.ie\/pl\/wp-json\/wp\/v2\/pages\/692\/revisions\/694"}],"up":[{"embeddable":true,"href":"https:\/\/magdafrost.ie\/pl\/wp-json\/wp\/v2\/pages\/9"}],"wp:attachment":[{"href":"https:\/\/magdafrost.ie\/pl\/wp-json\/wp\/v2\/media?parent=692"}],"curies":[{"name":"wp","href":"https:\/\/api.w.org\/{rel}","templated":true}]}}