{"id":696,"date":"2020-11-30T22:31:39","date_gmt":"2020-11-30T22:31:39","guid":{"rendered":"https:\/\/magdafrost.ie\/?page_id=696"},"modified":"2020-11-30T22:31:41","modified_gmt":"2020-11-30T22:31:41","slug":"mega-volume-training","status":"publish","type":"page","link":"https:\/\/magdafrost.ie\/pl\/training\/mega-volume-training\/","title":{"rendered":"Trening o du\u017cej obj\u0119to\u015bci"},"content":{"rendered":"<h2 class=\"has-text-align-center wp-block-heading\">  Trening o du\u017cej obj\u0119to\u015bci\u00a0 <\/h2>\n\n\n\n<p><br>Szkolenie Mega Volume Lashes jest przeznaczone dla uczni\u00f3w, kt\u00f3rzy maj\u0105 do\u015bwiadczenie w pracy z rz\u0119sami Soft Russian Volume i lubi\u0105 wskoczy\u0107 na nowy, wysoki poziom stylizacji. Na tym kursie dowiesz si\u0119 wszystkiego, co musisz wiedzie\u0107 o metodzie Mega Russian Volume. Jednodniowe szkolenie z Magd\u0105 obejmuje cz\u0119\u015b\u0107 teoretyczn\u0105 i praktyczn\u0105 z manekinem oraz modelem na \u017cywo. Nabyta wiedza w cz\u0119\u015bci teoretycznej oraz wiedza, kt\u00f3r\u0105 zdob\u0119dziesz w cz\u0119\u015bci praktycznej sprawi\u0105, \u017ce b\u0119dziesz pewny siebie z tymi pi\u0119knymi magicznymi rz\u0119sami Russian Lashes. Po szkoleniu otrzymujesz akredytowany certyfikat Lash Inc.<br>Lokalizacja: 1. Pi\u0119tro The Feelgood Center, Exhance House Ballincollig Co.Cork<\/p>\n\n\n\n<p>Czas:<br>Dzie\u0144 pierwszy, 10:00 - 18:00<\/p>\n\n\n\n<p>Pe\u0142na cena 500,00 \u20ac<br>Nie wymagamy kaucji zwrotnej 100 \u20ac.<\/p>\n\n\n\n<p>Obejmuje:<br>\u2606 Pe\u0142ny profesjonalny zestaw Magda Frost (Warto\u015b\u0107 250,00),<br>\u2606 Podr\u0119cznik szkoleniowy<br>\u2606 Sta\u0142e wsparcie<br>\u2606 Certyfikat akredytowany przez Lash Inc.<br>\u2606 Rabat 10% na produkty Magda Frost<br>\u2606 Ma\u0142e grupy, maksymalnie 2 uczni\u00f3w<\/p>\n\n\n\n<p>Zestaw zawiera:<br>- Klej Magda Frost 10ml<br>- P\u0119seta do izolacji obj\u0119to\u015bci<br>&#8211; Volume Aplication Tweezer<br>- Szampon do rz\u0119s i brwi<br>- Baza do rz\u0119s<br>- Lash Palet<br>- 5 niestrz\u0119pi\u0105cych si\u0119 plastr\u00f3w \u017celowych<br>- Jednorazowe r\u00f3\u017cd\u017cki do tuszu do rz\u0119s<br>- Ta\u015bma klej\u0105ca w rolce<br>- Maska<br>- Formularz klienta<br>Rz\u0119sy: Volume Lashes 0.05 C&amp;D 8,9,10,11 12mm&nbsp;\n\n<\/p>\n\n\n\n<p><\/p>","protected":false},"excerpt":{"rendered":"<p>Mega Volume Training\u00a0 Mega Volume Lashes Training is for students that have experience with Soft Russian Volume Lashes and who like to jump to the new<span class=\"excerpt-hellip\"> [\u2026]<\/span><\/p>","protected":false},"author":1,"featured_media":0,"parent":9,"menu_order":0,"comment_status":"closed","ping_status":"closed","template":"","meta":{"footnotes":""},"class_list":["post-696","page","type-page","status-publish","hentry"],"_links":{"self":[{"href":"https:\/\/magdafrost.ie\/pl\/wp-json\/wp\/v2\/pages\/696","targetHints":{"allow":["GET"]}}],"collection":[{"href":"https:\/\/magdafrost.ie\/pl\/wp-json\/wp\/v2\/pages"}],"about":[{"href":"https:\/\/magdafrost.ie\/pl\/wp-json\/wp\/v2\/types\/page"}],"author":[{"embeddable":true,"href":"https:\/\/magdafrost.ie\/pl\/wp-json\/wp\/v2\/users\/1"}],"replies":[{"embeddable":true,"href":"https:\/\/magdafrost.ie\/pl\/wp-json\/wp\/v2\/comments?post=696"}],"version-history":[{"count":1,"href":"https:\/\/magdafrost.ie\/pl\/wp-json\/wp\/v2\/pages\/696\/revisions"}],"predecessor-version":[{"id":697,"href":"https:\/\/magdafrost.ie\/pl\/wp-json\/wp\/v2\/pages\/696\/revisions\/697"}],"up":[{"embeddable":true,"href":"https:\/\/magdafrost.ie\/pl\/wp-json\/wp\/v2\/pages\/9"}],"wp:attachment":[{"href":"https:\/\/magdafrost.ie\/pl\/wp-json\/wp\/v2\/media?parent=696"}],"curies":[{"name":"wp","href":"https:\/\/api.w.org\/{rel}","templated":true}]}}