{"id":698,"date":"2020-11-30T22:35:45","date_gmt":"2020-11-30T22:35:45","guid":{"rendered":"https:\/\/magdafrost.ie\/?page_id=698"},"modified":"2020-11-30T22:35:46","modified_gmt":"2020-11-30T22:35:46","slug":"2d-3d-russian-volume-training","status":"publish","type":"page","link":"https:\/\/magdafrost.ie\/pl\/training\/2d-3d-russian-volume-training\/","title":{"rendered":"Szkolenie 2D 3D w obj\u0119to\u015bci rosyjskiej"},"content":{"rendered":"<h2 class=\"has-text-align-center wp-block-heading\">   Szkolenie 2D 3D w obj\u0119to\u015bci rosyjskiej\u00a0  <\/h2>\n\n\n\n<p>\n\nSzkolenie 2D 3D Russian Volume Lashes przeznaczone jest dla student\u00f3w z do\u015bwiadczeniem w bran\u017cy rz\u0119s oraz dla student\u00f3w, kt\u00f3rzy chcieliby od\u015bwie\u017cy\u0107 wiedz\u0119 na temat zaawansowanej metody przed\u0142u\u017cania rz\u0119s. Na tym kursie dowiesz si\u0119 wszystkiego, co musisz wiedzie\u0107 o nowej metodzie obj\u0119to\u015bci rosyjskiej 2D 3D. Jednodniowe szkolenie z Magd\u0105 obejmuje cz\u0119\u015b\u0107 teoretyczn\u0105 i praktyczn\u0105 z manekinem oraz modelem na \u017cywo. Nabyta wiedza w cz\u0119\u015bci teoretycznej oraz wiedza, kt\u00f3r\u0105 zdob\u0119dziesz w cz\u0119\u015bci praktycznej sprawi\u0105, \u017ce b\u0119dziesz mie\u0107 pewno\u015b\u0107 co do tej pi\u0119knej Russian Lash Art. Po szkoleniu otrzymujesz akredytowany certyfikat Lash Inc.<br>Lokalizacja: 1. Pi\u0119tro The Feelgood Center, Exhance House Ballincollig Co.Cork<\/p>\n\n\n\n<p>Czas:<br>Dzie\u0144 pierwszy, 10:00 - 18:00<\/p>\n\n\n\n<p>Pe\u0142na cena 500,00 \u20ac<br>Nie wymagamy kaucji zwrotnej 100 \u20ac.<\/p>\n\n\n\n<p>Obejmuje:<br>\u2606 Pe\u0142ny profesjonalny zestaw Magda Frost (Warto\u015b\u0107 250,00),<br>\u2606 Podr\u0119cznik szkoleniowy<br>\u2606 Sta\u0142e wsparcie<br>\u2606 Certyfikat akredytowany przez Lash Inc.<br>\u2606 Rabat 10% na produkty Magda Frost<br>\u2606 Ma\u0142e grupy, maksymalnie 2 uczni\u00f3w<\/p>\n\n\n\n<p>Zestaw zawiera:<br>- Klej Magda Frost 10ml<br>- P\u0119seta do izolacji obj\u0119to\u015bci<br>&#8211; Volume Aplication Tweezer<br>- Szampon do rz\u0119s i brwi<br>- Baza do rz\u0119s<br>- Lash Palet<br>- 5 niestrz\u0119pi\u0105cych si\u0119 plastr\u00f3w \u017celowych<br>- Jednorazowe r\u00f3\u017cd\u017cki do tuszu do rz\u0119s<br>- Ta\u015bma klej\u0105ca w rolce<br>- Maska<br>- Formularz klienta<br>Rz\u0119sy: Volume Lashes 0.07 C&amp;D 8,9,10,11 12mm&nbsp;<\/p>\n\n\n\n<p>Mo\u017cemy r\u00f3wnie\u017c zaoferowa\u0107 indywidualny wirtualny mentoring Zoom z Magd\u0105, kt\u00f3ry kosztuje 75,00 \u20ac za godzin\u0119.\n\n<\/p>\n\n\n\n<p><\/p>\n\n\n\n<p><\/p>","protected":false},"excerpt":{"rendered":"<p>2D 3D Russian Volume Training\u00a0 2D 3D Russian Volume Lashes Training is for students that have experience in the lash industry and for students who would<span class=\"excerpt-hellip\"> [\u2026]<\/span><\/p>","protected":false},"author":1,"featured_media":0,"parent":9,"menu_order":0,"comment_status":"closed","ping_status":"closed","template":"","meta":{"footnotes":""},"class_list":["post-698","page","type-page","status-publish","hentry"],"_links":{"self":[{"href":"https:\/\/magdafrost.ie\/pl\/wp-json\/wp\/v2\/pages\/698","targetHints":{"allow":["GET"]}}],"collection":[{"href":"https:\/\/magdafrost.ie\/pl\/wp-json\/wp\/v2\/pages"}],"about":[{"href":"https:\/\/magdafrost.ie\/pl\/wp-json\/wp\/v2\/types\/page"}],"author":[{"embeddable":true,"href":"https:\/\/magdafrost.ie\/pl\/wp-json\/wp\/v2\/users\/1"}],"replies":[{"embeddable":true,"href":"https:\/\/magdafrost.ie\/pl\/wp-json\/wp\/v2\/comments?post=698"}],"version-history":[{"count":1,"href":"https:\/\/magdafrost.ie\/pl\/wp-json\/wp\/v2\/pages\/698\/revisions"}],"predecessor-version":[{"id":699,"href":"https:\/\/magdafrost.ie\/pl\/wp-json\/wp\/v2\/pages\/698\/revisions\/699"}],"up":[{"embeddable":true,"href":"https:\/\/magdafrost.ie\/pl\/wp-json\/wp\/v2\/pages\/9"}],"wp:attachment":[{"href":"https:\/\/magdafrost.ie\/pl\/wp-json\/wp\/v2\/media?parent=698"}],"curies":[{"name":"wp","href":"https:\/\/api.w.org\/{rel}","templated":true}]}}