{"id":702,"date":"2020-11-30T22:42:14","date_gmt":"2020-11-30T22:42:14","guid":{"rendered":"https:\/\/magdafrost.ie\/?page_id=702"},"modified":"2020-11-30T22:44:41","modified_gmt":"2020-11-30T22:44:41","slug":"beginners-classic","status":"publish","type":"page","link":"https:\/\/magdafrost.ie\/pl\/training\/beginners-classic\/","title":{"rendered":"KLASYCZNE DLA POCZ\u0104TKUJ\u0104CYCH"},"content":{"rendered":"<h2 class=\"has-text-align-center wp-block-heading\"> POCZ\u0104TKUJ\u0104CY KLASYCZNY 1: 1 <\/h2>\n\n\n\n<p>\n\nSzkolenie dla pocz\u0105tkuj\u0105cych w zakresie przed\u0142u\u017cania rz\u0119s jest przeznaczone dla student\u00f3w, kt\u00f3rzy nie maj\u0105 wcze\u015bniejszego do\u015bwiadczenia w bran\u017cy kosmetycznej oraz dla student\u00f3w, kt\u00f3rzy chcieliby rozpocz\u0105\u0107 swoj\u0105 przygod\u0119 jako profesjonalny Lash Artist. Na tym kursie dowiesz si\u0119 wszystkiego, co musisz wiedzie\u0107 o przed\u0142u\u017caniu rz\u0119s.<br>Dwa pe\u0142ne dni szkolenia z Magd\u0105 obejmuj\u0105:<br>Dzie\u0144 1 to ca\u0142y dzie\u0144 teorii.<br>Dzie\u0144 2 to cz\u0119\u015b\u0107 praktyczna z g\u0142ow\u0105 manekina, a tak\u017ce \u017cywym modelem.<br>Nabyta wiedza w cz\u0119\u015bci teoretycznej oraz wiedza, kt\u00f3r\u0105 zdob\u0119dziesz w cz\u0119\u015bci praktycznej sprawi\u0105, \u017ce nab\u0119dziesz pewno\u015bci siebie jako Lash Artist. Po dw\u00f3ch dniach szkolenia otrzymujesz akredytowany certyfikat Lash Inc.<\/p>\n\n\n\n<p>Lokalizacja: 1. Pi\u0119tro The Feelgood Center, Exhance House Ballincollig Co.Cork<\/p>\n\n\n\n<p>Czas:<br>Dzie\u0144 pierwszy, 10:00 - 17:00<br>Dzie\u0144 drugi, 10:00 - 17:00<\/p>\n\n\n\n<p>Pe\u0142na cena 600,00 \u20ac<br>Nie wymagamy kaucji zwrotnej 100 \u20ac.<\/p>\n\n\n\n<p>Obejmuje:<br>\u2606 Pe\u0142ny profesjonalny zestaw Magda Frost (Warto\u015b\u0107 250,00),<br>\u2606 Podr\u0119cznik szkoleniowy<br>\u2606 Sta\u0142e wsparcie<br>\u2606 Certyfikat akredytowany przez Lash Inc.<br>\u2606 Rabat 10% na produkty Magda Frost<br>\u2606 Ma\u0142e grupy, maksymalnie 2 uczni\u00f3w<\/p>\n\n\n\n<p>Zestaw zawiera:<br>- Klej 10ml<br>- Klasyczna p\u0119seta izolacyjna<br>- Klasyczna zakrzywiona p\u0119seta<br>- Szampon do rz\u0119s i brwi<br>- Baza do rz\u0119s<br>- Jade Stone<br>- 5 niestrz\u0119pi\u0105cych si\u0119 plastr\u00f3w \u017celowych<br>- Jednorazowe r\u00f3\u017cd\u017cki do tuszu do rz\u0119s<br>- Ta\u015bma klej\u0105ca w rolce<br>- Maska<br>- Formularz klienta<br>Rz\u0119sy;<br>- Klasyczny Singel, C-Curl, 0,15, 8 mm<br>- Klasyczny pojedynczy, C-Curl, 0,15, 9mm<br>- Klasyczny pojedynczy, C-Curl, 0,15, 10mm<br>- Klasyczny pojedynczy, C-Curl 0,15, 11mm<br>- Klasyczny pojedynczy, C-Curl 0,15 12mm<\/p>\n\n\n\n<p>Mo\u017cemy r\u00f3wnie\u017c zaoferowa\u0107 indywidualny wirtualny mentoring Zoom z Magd\u0105, kt\u00f3ry kosztuje 75,00 \u20ac za godzin\u0119.\n\n<\/p>","protected":false},"excerpt":{"rendered":"<p>BEGINNERS CLASSIC 1:1 Eyelash Extensions Beginners Training is for students that have no previous experience in the beauty industry and for students who would like to<span class=\"excerpt-hellip\"> [\u2026]<\/span><\/p>","protected":false},"author":1,"featured_media":0,"parent":9,"menu_order":0,"comment_status":"closed","ping_status":"closed","template":"","meta":{"footnotes":""},"class_list":["post-702","page","type-page","status-publish","hentry"],"_links":{"self":[{"href":"https:\/\/magdafrost.ie\/pl\/wp-json\/wp\/v2\/pages\/702","targetHints":{"allow":["GET"]}}],"collection":[{"href":"https:\/\/magdafrost.ie\/pl\/wp-json\/wp\/v2\/pages"}],"about":[{"href":"https:\/\/magdafrost.ie\/pl\/wp-json\/wp\/v2\/types\/page"}],"author":[{"embeddable":true,"href":"https:\/\/magdafrost.ie\/pl\/wp-json\/wp\/v2\/users\/1"}],"replies":[{"embeddable":true,"href":"https:\/\/magdafrost.ie\/pl\/wp-json\/wp\/v2\/comments?post=702"}],"version-history":[{"count":2,"href":"https:\/\/magdafrost.ie\/pl\/wp-json\/wp\/v2\/pages\/702\/revisions"}],"predecessor-version":[{"id":704,"href":"https:\/\/magdafrost.ie\/pl\/wp-json\/wp\/v2\/pages\/702\/revisions\/704"}],"up":[{"embeddable":true,"href":"https:\/\/magdafrost.ie\/pl\/wp-json\/wp\/v2\/pages\/9"}],"wp:attachment":[{"href":"https:\/\/magdafrost.ie\/pl\/wp-json\/wp\/v2\/media?parent=702"}],"curies":[{"name":"wp","href":"https:\/\/api.w.org\/{rel}","templated":true}]}}