{"id":427,"date":"2020-02-05T21:30:55","date_gmt":"2020-02-05T21:30:55","guid":{"rendered":"https:\/\/magdafrost.ie\/?post_type=product&#038;p=427"},"modified":"2020-04-10T15:33:15","modified_gmt":"2020-04-10T14:33:15","slug":"classic-lashes","status":"publish","type":"product","link":"https:\/\/magdafrost.ie\/pl\/product\/classic-lashes\/","title":{"rendered":"Klasyczne rz\u0119sy"},"content":{"rendered":"<p>Magda Frost Lashes u\u017cywa najwy\u017cszej jako\u015bci sztucznych rz\u0119s. Wszystkie nasze rz\u0119sy wykonane s\u0105 z w\u0142\u00f3kna syntetycznego 100%.<br \/>\nMamy r\u00f3\u017cne \u015brednice, d\u0142ugo\u015bci i loki, dzi\u0119ki czemu ka\u017cdy zestaw mo\u017ce by\u0107 ca\u0142kowicie spersonalizowany. Odporny na ciep\u0142o, zmiany klimatu i wod\u0119. Wszystkie nasze tace do rz\u0119s zawieraj\u0105 16 pask\u00f3w rz\u0119s na tac\u0119.<\/p>\n<p>Ten produkt to:<\/p>\n<p>- Wega\u0144skie<br \/>\n- Nie testowane na zwierz\u0119tach<br \/>\n- Bez formaldehydu<\/p>","protected":false},"excerpt":{"rendered":"<div dir=\"auto\"><strong>Klasyczne rz\u0119sy<\/strong><\/div>\n<div dir=\"auto\"><\/div>\n<div dir=\"auto\">Rz\u0119sy te mo\u017cna stosowa\u0107 w aplikacji przed\u0142u\u017cania rz\u0119s Classic 1: 1.<br \/>\nDost\u0119pne s\u0105 loki C i D.<\/div>\n<div dir=\"auto\"><\/div>\n<div dir=\"auto\">Magda Frost Lashes u\u017cywa najwy\u017cszej jako\u015bci sztucznych rz\u0119s. Wszystkie nasze rz\u0119sy wykonane s\u0105 z w\u0142\u00f3kna syntetycznego 100%.<\/div>\n<div dir=\"auto\">Mamy r\u00f3\u017cne \u015brednice, d\u0142ugo\u015bci i loki, dzi\u0119ki czemu ka\u017cdy zestaw mo\u017ce by\u0107 ca\u0142kowicie spersonalizowany. Odporny na ciep\u0142o, zmiany klimatu i wod\u0119. Wszystkie nasze tace do rz\u0119s zawieraj\u0105 16 pask\u00f3w rz\u0119s na tac\u0119.<\/div>","protected":false},"featured_media":428,"comment_status":"open","ping_status":"closed","template":"","meta":[],"product_brand":[],"product_cat":[17],"product_tag":[],"class_list":{"0":"post-427","1":"product","2":"type-product","3":"status-publish","4":"has-post-thumbnail","6":"product_cat-uncategorised","8":"first","9":"instock","10":"taxable","11":"shipping-taxable","12":"purchasable","13":"product-type-variable"},"_links":{"self":[{"href":"https:\/\/magdafrost.ie\/pl\/wp-json\/wp\/v2\/product\/427","targetHints":{"allow":["GET"]}}],"collection":[{"href":"https:\/\/magdafrost.ie\/pl\/wp-json\/wp\/v2\/product"}],"about":[{"href":"https:\/\/magdafrost.ie\/pl\/wp-json\/wp\/v2\/types\/product"}],"replies":[{"embeddable":true,"href":"https:\/\/magdafrost.ie\/pl\/wp-json\/wp\/v2\/comments?post=427"}],"wp:featuredmedia":[{"embeddable":true,"href":"https:\/\/magdafrost.ie\/pl\/wp-json\/wp\/v2\/media\/428"}],"wp:attachment":[{"href":"https:\/\/magdafrost.ie\/pl\/wp-json\/wp\/v2\/media?parent=427"}],"wp:term":[{"taxonomy":"product_brand","embeddable":true,"href":"https:\/\/magdafrost.ie\/pl\/wp-json\/wp\/v2\/product_brand?post=427"},{"taxonomy":"product_cat","embeddable":true,"href":"https:\/\/magdafrost.ie\/pl\/wp-json\/wp\/v2\/product_cat?post=427"},{"taxonomy":"product_tag","embeddable":true,"href":"https:\/\/magdafrost.ie\/pl\/wp-json\/wp\/v2\/product_tag?post=427"}],"curies":[{"name":"wp","href":"https:\/\/api.w.org\/{rel}","templated":true}]}}